{"id":86,"date":"2015-01-08T10:32:43","date_gmt":"2015-01-08T10:32:43","guid":{"rendered":"http:\/\/themes.muffingroup.com\/be\/renovate\/?page_id=2"},"modified":"2022-09-06T14:07:15","modified_gmt":"2022-09-06T14:07:15","slug":"home","status":"publish","type":"page","link":"https:\/\/vardswiss.ch\/","title":{"rendered":"Startseite"},"content":{"rendered":"<div class=\"wpb-content-wrapper\"><p>[vc_row][vc_column width=&#8221;1\/6&#8243;][\/vc_column][vc_column width=&#8221;2\/3&#8243;][vc_column_text]<\/p>\n<h3 style=\"text-align: center;\"><strong><span style=\"color: #0877ba;\">Ihr Ansprechpartner rund um Ihr Eigenheim auf h\u00f6chstem Niveau!<\/span><\/strong><\/h3>\n<p style=\"text-align: center;\">Die Zufriedenheit des Kunden steht bei uns an erster Stelle. Unsere Dienstleistungen gehen von der pers\u00f6nlichen Beratung \u00fcber die Offertestellung bis hin zur Termin- und fachgerechten Ausf\u00fchrung der Auftr\u00e4ge.<\/p>\n<p>[\/vc_column_text][\/vc_column][vc_column width=&#8221;1\/6&#8243;][\/vc_column][\/vc_row][vc_row gap=&#8221;35&#8243;][vc_column width=&#8221;1\/4&#8243;]<a href=\"http:\/\/vardswiss.ch\/?page_id=2184\" title=\"Malerarbeiten\" aria-label=\"Malerarbeiten\"><div id=\"cz_96809\" class=\"cz_96809 cz_image clr cz_image_no_fx center_on_mobile\"><div class=\"\" ><div class=\"cz_image_in\" data-tilt><div class=\"cz_main_image\"><img decoding=\"async\" width=\"493\" height=\"337\" src=\"data:image\/svg+xml,%3Csvg%20xmlns%3D&#39;http%3A%2F%2Fwww.w3.org%2F2000%2Fsvg&#39;%20width=&#39;493&#39;%20height=&#39;337&#39;%20viewBox%3D&#39;0%200%20493%20337&#39;%2F%3E\" data-czlz data-src=\"https:\/\/vardswiss.ch\/wp-content\/uploads\/2020\/09\/malerarbeiten.jpg\" class=\"attachment-full\" alt=\"\" title=\"malerarbeiten\" data-srcset=\"https:\/\/vardswiss.ch\/wp-content\/uploads\/2020\/09\/malerarbeiten.jpg 493w, https:\/\/vardswiss.ch\/wp-content\/uploads\/2020\/09\/malerarbeiten-300x205.jpg 300w\" data-sizes=\"(max-width: 493px) 100vw, 493px\" \/><\/div><\/div><\/div><\/div><\/a>[\/vc_column][vc_column width=&#8221;1\/4&#8243;]<a href=\"https:\/\/vardswiss.ch\/?page_id=2212\"><div id=\"cz_65170\" class=\"cz_65170 cz_image clr cz_image_no_fx center_on_mobile\"><div class=\"\" ><div class=\"cz_image_in\" data-tilt><div class=\"cz_main_image\"><img decoding=\"async\" width=\"493\" height=\"337\" src=\"data:image\/svg+xml,%3Csvg%20xmlns%3D&#39;http%3A%2F%2Fwww.w3.org%2F2000%2Fsvg&#39;%20width=&#39;493&#39;%20height=&#39;337&#39;%20viewBox%3D&#39;0%200%20493%20337&#39;%2F%3E\" data-czlz data-src=\"https:\/\/vardswiss.ch\/wp-content\/uploads\/2021\/01\/home_thumbnails_service001.jpg\" class=\"attachment-full\" alt=\"\" title=\"home_thumbnails_service001\" data-srcset=\"https:\/\/vardswiss.ch\/wp-content\/uploads\/2021\/01\/home_thumbnails_service001.jpg 493w, https:\/\/vardswiss.ch\/wp-content\/uploads\/2021\/01\/home_thumbnails_service001-300x205.jpg 300w\" data-sizes=\"(max-width: 493px) 100vw, 493px\" \/><\/div><\/div><\/div><\/div><\/a>[\/vc_column][vc_column width=&#8221;1\/4&#8243;]<a href=\"http:\/\/vardswiss.ch\/?page_id=1970\"><div id=\"cz_23869\" class=\"cz_23869 cz_image clr cz_image_no_fx center_on_mobile\"><div class=\"\" ><div class=\"cz_image_in\" data-tilt><div class=\"cz_main_image\"><img decoding=\"async\" width=\"493\" height=\"337\" src=\"data:image\/svg+xml,%3Csvg%20xmlns%3D&#39;http%3A%2F%2Fwww.w3.org%2F2000%2Fsvg&#39;%20width=&#39;493&#39;%20height=&#39;337&#39;%20viewBox%3D&#39;0%200%20493%20337&#39;%2F%3E\" data-czlz data-src=\"https:\/\/vardswiss.ch\/wp-content\/uploads\/2020\/06\/fasaden.jpg\" class=\"attachment-full\" alt=\"\" title=\"fasaden\" data-srcset=\"https:\/\/vardswiss.ch\/wp-content\/uploads\/2020\/06\/fasaden.jpg 493w, https:\/\/vardswiss.ch\/wp-content\/uploads\/2020\/06\/fasaden-300x205.jpg 300w\" data-sizes=\"(max-width: 493px) 100vw, 493px\" \/><\/div><\/div><\/div><\/div><\/a>[\/vc_column][vc_column width=&#8221;1\/4&#8243;]<a href=\"http:\/\/vardswiss.ch\/?page_id=2009\"><div id=\"cz_17953\" class=\"cz_17953 cz_image clr cz_image_no_fx center_on_mobile\"><div class=\"\" ><div class=\"cz_image_in\" data-tilt><div class=\"cz_main_image\"><img decoding=\"async\" width=\"493\" height=\"337\" src=\"data:image\/svg+xml,%3Csvg%20xmlns%3D&#39;http%3A%2F%2Fwww.w3.org%2F2000%2Fsvg&#39;%20width=&#39;493&#39;%20height=&#39;337&#39;%20viewBox%3D&#39;0%200%20493%20337&#39;%2F%3E\" data-czlz data-src=\"https:\/\/vardswiss.ch\/wp-content\/uploads\/2019\/01\/Renovation.png\" class=\"attachment-full\" alt=\"\" title=\"Renovation\" data-srcset=\"https:\/\/vardswiss.ch\/wp-content\/uploads\/2019\/01\/Renovation.png 493w, https:\/\/vardswiss.ch\/wp-content\/uploads\/2019\/01\/Renovation-300x205.png 300w\" data-sizes=\"(max-width: 493px) 100vw, 493px\" \/><\/div><\/div><\/div><\/div><\/a>[\/vc_column][\/vc_row]<\/p>\n<\/div>","protected":false},"excerpt":{"rendered":"<p>[vc_row][vc_column width=&#8221;1\/6&#8243;][\/vc_column][vc_column width=&#8221;2\/3&#8243;][vc_column_text] Ihr Ansprechpartner rund um Ihr Eigenheim auf h\u00f6chstem &#8230; <\/p>\n","protected":false},"author":1,"featured_media":0,"parent":0,"menu_order":0,"comment_status":"closed","ping_status":"closed","template":"","meta":{"footnotes":""},"class_list":["post-86","page","type-page","status-publish","hentry"],"_links":{"self":[{"href":"https:\/\/vardswiss.ch\/index.php?rest_route=\/wp\/v2\/pages\/86","targetHints":{"allow":["GET"]}}],"collection":[{"href":"https:\/\/vardswiss.ch\/index.php?rest_route=\/wp\/v2\/pages"}],"about":[{"href":"https:\/\/vardswiss.ch\/index.php?rest_route=\/wp\/v2\/types\/page"}],"author":[{"embeddable":true,"href":"https:\/\/vardswiss.ch\/index.php?rest_route=\/wp\/v2\/users\/1"}],"replies":[{"embeddable":true,"href":"https:\/\/vardswiss.ch\/index.php?rest_route=%2Fwp%2Fv2%2Fcomments&post=86"}],"version-history":[{"count":19,"href":"https:\/\/vardswiss.ch\/index.php?rest_route=\/wp\/v2\/pages\/86\/revisions"}],"predecessor-version":[{"id":2263,"href":"https:\/\/vardswiss.ch\/index.php?rest_route=\/wp\/v2\/pages\/86\/revisions\/2263"}],"wp:attachment":[{"href":"https:\/\/vardswiss.ch\/index.php?rest_route=%2Fwp%2Fv2%2Fmedia&parent=86"}],"curies":[{"name":"wp","href":"https:\/\/api.w.org\/{rel}","templated":true}]}}