{"id":2212,"date":"2020-12-04T13:54:39","date_gmt":"2020-12-04T13:54:39","guid":{"rendered":"https:\/\/vardswiss.ch\/?page_id=2212"},"modified":"2025-04-25T13:37:18","modified_gmt":"2025-04-25T13:37:18","slug":"gipser","status":"publish","type":"page","link":"https:\/\/vardswiss.ch\/?page_id=2212","title":{"rendered":"Gipser"},"content":{"rendered":"<div class=\"wpb-content-wrapper\"><p>[vc_row full_width=&#8221;stretch_row&#8221; css=&#8221;.vc_custom_1745588237277{padding-top: 80px !important;background-image: url(https:\/\/vardswiss.ch\/wp-content\/uploads\/2021\/01\/worker-plastering-gypsum-board-wall-L6S9YVF-scaled.jpg?id=2219) !important;background-position: center !important;background-repeat: no-repeat !important;background-size: cover !important;}&#8221;][vc_column width=&#8221;1\/2&#8243;]<div class=\"clr cz_parallax_v_5\"><div class=\"cz_eqh cz_content_box_parent_fx  \"><div id=\"cz_55491\" class=\"cz_55491 cz_content_box clr\"><div class=\"cz_box_front clr\"><div class=\"cz_box_front_inner clr \"><span><\/span><div><div id=\"cz_41015\" class=\"cz_41015 cz_title clr cz_title_pos_inline\"><div class=\"cz_title_content\"><div class=\"cz_wpe_content\"><p style=\"text-align: left;\"><span style=\"line-height: 1;\"><span style=\"font-weight: 400; color: #0877bd;\">\u00a0 GIPSER<\/span><span style=\"display: block; font-size: 40px; color: #000000; font-weight: 500;\">Gipserarbeiten<\/span><\/span><\/p>\n<\/div><\/div><\/div><div class=\"cz_gap clr \" style=\"height: 25px\"><\/div>[vc_column_text]<span style=\"font-size: 15px;\">Leichtbauw\u00e4nde, Isolationen, einfache oder spezielle Verputze:<\/span><br \/>\n<span style=\"font-size: 15px;\">Wir sorgen f\u00fcr die optimale Grundlage.<\/span><\/p>\n<p><strong>DEN RICHTIGEN VERPUTZ F\u00dcR IHRE W\u00c4NDE ODER DIE DECKEN<\/strong><br \/>\nWir hauen f\u00fcr Sie auf den Putz. Ob Grundputze f\u00fcr die W\u00e4nde oder die Decken, Weissputze, Sanierputze, Akustikputze oder auch edle Deckenputze.<br \/>\nUnsere Mitarbeiter f\u00fchren ihr Handwerk leidenschaftlich f\u00fcr Sie aus. Dabei legen wir viel Wert auf die W\u00fcnsche der Kunden.<\/p>\n<p>Den kreativen M\u00f6glichkeiten sind dabei keine Grenzen gesetzt. Durch unser Know-How ist es uns auch m\u00f6glich, alte Putztechniken anzuwenden um Bauwerke in ihrem urspr\u00fcnglichen Glanz wieder leuchten zu lassen.[\/vc_column_text]<\/div><\/div><\/div><\/div><\/div><\/div>[\/vc_column][vc_column width=&#8221;1\/2&#8243;][\/vc_column][\/vc_row]<\/p>\n<\/div>","protected":false},"excerpt":{"rendered":"<p>[vc_row full_width=&#8221;stretch_row&#8221; css=&#8221;.vc_custom_1745588237277{padding-top: 80px !important;background-image: url(https:\/\/vardswiss.ch\/wp-content\/uploads\/2021\/01\/worker-plastering-gypsum-board-wall-L6S9YVF-scaled.jpg?id=2219) !important;background-position: center !important;background-repeat: no-repeat !important;background-size: &#8230; <\/p>\n","protected":false},"author":1,"featured_media":0,"parent":0,"menu_order":0,"comment_status":"closed","ping_status":"closed","template":"","meta":{"footnotes":""},"class_list":["post-2212","page","type-page","status-publish","hentry"],"_links":{"self":[{"href":"https:\/\/vardswiss.ch\/index.php?rest_route=\/wp\/v2\/pages\/2212","targetHints":{"allow":["GET"]}}],"collection":[{"href":"https:\/\/vardswiss.ch\/index.php?rest_route=\/wp\/v2\/pages"}],"about":[{"href":"https:\/\/vardswiss.ch\/index.php?rest_route=\/wp\/v2\/types\/page"}],"author":[{"embeddable":true,"href":"https:\/\/vardswiss.ch\/index.php?rest_route=\/wp\/v2\/users\/1"}],"replies":[{"embeddable":true,"href":"https:\/\/vardswiss.ch\/index.php?rest_route=%2Fwp%2Fv2%2Fcomments&post=2212"}],"version-history":[{"count":15,"href":"https:\/\/vardswiss.ch\/index.php?rest_route=\/wp\/v2\/pages\/2212\/revisions"}],"predecessor-version":[{"id":2279,"href":"https:\/\/vardswiss.ch\/index.php?rest_route=\/wp\/v2\/pages\/2212\/revisions\/2279"}],"wp:attachment":[{"href":"https:\/\/vardswiss.ch\/index.php?rest_route=%2Fwp%2Fv2%2Fmedia&parent=2212"}],"curies":[{"name":"wp","href":"https:\/\/api.w.org\/{rel}","templated":true}]}}