{"id":1970,"date":"2019-01-29T14:54:24","date_gmt":"2019-01-29T14:54:24","guid":{"rendered":"http:\/\/vardswiss.ch\/?page_id=1970"},"modified":"2021-01-22T12:49:40","modified_gmt":"2021-01-22T12:49:40","slug":"fassaden","status":"publish","type":"page","link":"https:\/\/vardswiss.ch\/?page_id=1970","title":{"rendered":"Fassaden"},"content":{"rendered":"<div class=\"wpb-content-wrapper\"><p>[vc_row full_width=&#8221;stretch_row&#8221; css=&#8221;.vc_custom_1548774277248{padding-top: 80px !important;padding-bottom: 50px !important;background-image: url(http:\/\/vardswiss.ch\/wp-content\/uploads\/2019\/01\/gipss.jpg?id=2007) !important;background-position: center !important;background-repeat: no-repeat !important;background-size: cover !important;}&#8221;][vc_column width=&#8221;1\/2&#8243;][\/vc_column][vc_column width=&#8221;1\/2&#8243;]<div class=\"clr cz_parallax_v_5\"><div class=\"cz_eqh cz_content_box_parent_fx  \"><div id=\"cz_88023\" class=\"cz_88023 cz_content_box clr\"><div class=\"cz_box_front clr\"><div class=\"cz_box_front_inner clr \"><span><\/span><div><div id=\"cz_107933\" class=\"cz_107933 cz_title clr cz_title_pos_inline\"><div class=\"cz_title_content\"><div class=\"cz_wpe_content\"><p style=\"text-align: left;\"><span style=\"line-height: 1;\"><span style=\"font-weight: 400; color: #0877bd;\"> <span style=\"font-size: 30px;\"><span style=\"font-size: 20px;\">DIENSTLEISTUNGEN<\/span> <\/span><\/span><span style=\"display: block; font-size: 40px; color: #000000; font-weight: 500;\">Fassaden<\/span><\/span><\/p>\n<\/div><\/div><\/div><div class=\"cz_gap clr \" style=\"height: 50px\"><\/div>[vc_column_text]Vertrauen Sie die Renovation von Wandoberfl\u00e4chen und erfahrenen Spezialisten an. Gerne entfernen wir alte Anstriche und bereiten den Untergrund mit dem geeigneten Baumaterial vor, damit die neue Farbe h\u00e4lt, was sie verspricht. Je nach Objekt und Stil wenden wir die verschiedensten Verfahren an. Innen- oder Aussenw\u00e4nde werden unterschiedlich beansprucht. Nutzung, Sonnenlicht und Feuchtigkeit erfordern verschiedene Farbmaterialien und Maltechniken.<br \/>\nWir garantieren Ihnen eine professionelle Ausf\u00fchrung sowohl f\u00fcr Routinearbeiten wie f\u00fcr anspruchsvolle Spezialauftr\u00e4ge[\/vc_column_text]<\/div><\/div><\/div><\/div><\/div><\/div>[\/vc_column][\/vc_row]<\/p>\n<\/div>","protected":false},"excerpt":{"rendered":"<p>[vc_row full_width=&#8221;stretch_row&#8221; css=&#8221;.vc_custom_1548774277248{padding-top: 80px !important;padding-bottom: 50px !important;background-image: url(http:\/\/vardswiss.ch\/wp-content\/uploads\/2019\/01\/gipss.jpg?id=2007) !important;background-position: center !important;background-repeat: &#8230; <\/p>\n","protected":false},"author":1,"featured_media":0,"parent":0,"menu_order":0,"comment_status":"closed","ping_status":"closed","template":"","meta":{"footnotes":""},"class_list":["post-1970","page","type-page","status-publish","hentry"],"_links":{"self":[{"href":"https:\/\/vardswiss.ch\/index.php?rest_route=\/wp\/v2\/pages\/1970","targetHints":{"allow":["GET"]}}],"collection":[{"href":"https:\/\/vardswiss.ch\/index.php?rest_route=\/wp\/v2\/pages"}],"about":[{"href":"https:\/\/vardswiss.ch\/index.php?rest_route=\/wp\/v2\/types\/page"}],"author":[{"embeddable":true,"href":"https:\/\/vardswiss.ch\/index.php?rest_route=\/wp\/v2\/users\/1"}],"replies":[{"embeddable":true,"href":"https:\/\/vardswiss.ch\/index.php?rest_route=%2Fwp%2Fv2%2Fcomments&post=1970"}],"version-history":[{"count":36,"href":"https:\/\/vardswiss.ch\/index.php?rest_route=\/wp\/v2\/pages\/1970\/revisions"}],"predecessor-version":[{"id":2006,"href":"https:\/\/vardswiss.ch\/index.php?rest_route=\/wp\/v2\/pages\/1970\/revisions\/2006"}],"wp:attachment":[{"href":"https:\/\/vardswiss.ch\/index.php?rest_route=%2Fwp%2Fv2%2Fmedia&parent=1970"}],"curies":[{"name":"wp","href":"https:\/\/api.w.org\/{rel}","templated":true}]}}