{"id":1634,"date":"2015-06-05T12:57:49","date_gmt":"2015-06-05T12:57:49","guid":{"rendered":"http:\/\/localhost\/wordpress5\/?page_id=1634"},"modified":"2025-04-25T13:52:01","modified_gmt":"2025-04-25T13:52:01","slug":"bodenbelag-parkett-laminat-verlegen","status":"publish","type":"page","link":"https:\/\/vardswiss.ch\/?page_id=1634","title":{"rendered":"Bodenbelag-Parkett-Laminat-verlegen"},"content":{"rendered":"<div class=\"wpb-content-wrapper\"><p>[vc_row margin_top=&#8221;0&#8243; margin_bottom=&#8221;0&#8243; padding_left=&#8221;0&#8243; padding_right=&#8221;0&#8243; animation=&#8221;&#8221; type=&#8221;&#8221; bg_color=&#8221;&#8221; bg_position=&#8221;top&#8221; bg_repeat=&#8221;no-repeat&#8221; bg_cover=&#8221;false&#8221; bg_attachment=&#8221;false&#8221; padding_top=&#8221;0&#8243; padding_bottom=&#8221;0&#8243; enable_parallax=&#8221;&#8221; parallax_speed=&#8221;0.1&#8243; bg_video_src_mp4=&#8221;&#8221; bg_video_src_ogv=&#8221;&#8221; bg_video_src_webm=&#8221;&#8221; bg_type=&#8221;&#8221; parallax_style=&#8221;&#8221; bg_image_new=&#8221;&#8221; layer_image=&#8221;&#8221; bg_image_repeat=&#8221;&#8221; bg_image_size=&#8221;&#8221; bg_cstm_size=&#8221;&#8221; bg_img_attach=&#8221;&#8221; parallax_sense=&#8221;&#8221; bg_image_posiiton=&#8221;&#8221; animation_direction=&#8221;&#8221; animation_repeat=&#8221;&#8221; video_url=&#8221;&#8221; video_url_2=&#8221;&#8221; u_video_url=&#8221;&#8221; video_opts=&#8221;&#8221; video_poster=&#8221;&#8221; u_start_time=&#8221;&#8221; u_stop_time=&#8221;&#8221; viewport_vdo=&#8221;&#8221; enable_controls=&#8221;&#8221; bg_override=&#8221;&#8221; disable_on_mobile_img_parallax=&#8221;&#8221; parallax_content=&#8221;&#8221; parallax_content_sense=&#8221;&#8221; fadeout_row=&#8221;&#8221; fadeout_start_effect=&#8221;&#8221; enable_overlay=&#8221;&#8221; overlay_color=&#8221;&#8221; overlay_pattern=&#8221;&#8221; overlay_pattern_opacity=&#8221;&#8221; overlay_pattern_size=&#8221;&#8221; overlay_pattern_attachment=&#8221;&#8221; multi_color_overlay=&#8221;&#8221; multi_color_overlay_opacity=&#8221;&#8221; seperator_enable=&#8221;&#8221; seperator_type=&#8221;&#8221; seperator_position=&#8221;&#8221; seperator_shape_size=&#8221;&#8221; seperator_svg_height=&#8221;&#8221; seperator_shape_background=&#8221;&#8221; seperator_shape_border=&#8221;&#8221; seperator_shape_border_color=&#8221;&#8221; seperator_shape_border_width=&#8221;&#8221; icon_type=&#8221;&#8221; icon=&#8221;&#8221; icon_size=&#8221;&#8221; icon_color=&#8221;&#8221; icon_style=&#8221;&#8221; icon_color_bg=&#8221;&#8221; icon_border_style=&#8221;&#8221; icon_color_border=&#8221;&#8221; icon_border_size=&#8221;&#8221; icon_border_radius=&#8221;&#8221; icon_border_spacing=&#8221;&#8221; icon_img=&#8221;&#8221; img_width=&#8221;&#8221; ult_hide_row=&#8221;&#8221; ult_hide_row_large_screen=&#8221;&#8221; ult_hide_row_desktop=&#8221;&#8221; ult_hide_row_tablet=&#8221;&#8221; ult_hide_row_tablet_small=&#8221;&#8221; ult_hide_row_mobile=&#8221;&#8221; ult_hide_row_mobile_large=&#8221;&#8221; css=&#8221;.vc_custom_1745588721456{margin-bottom: 0px !important;}&#8221;][vc_column width=&#8221;2\/3&#8243; animation=&#8221;&#8221;][vc_column_text css=&#8221;&#8221;]<\/p>\n<h1>Bodenbelag Parkett Laminat verlegen<\/h1>\n<p>[\/vc_column_text][vc_column_text css=&#8221;&#8221;]<\/p>\n<div class=\"template-blog template-single-blog content\">\n<div class=\"post-entry\">\n<div class=\"entry-content\">\n<p>Laminat imitiert den optischen Effekt klassischer Holzbel\u00e4ge. Strapazierf\u00e4hige Oberfl\u00e4chen, der vorteilhafte Preis sowie eine leichte Pflege sind nur einige genannte Vorteile, die diesen Fussbodenbelag auszeichnen. Das vielseitige Angebot an Farben und Dekoren ist beeindruckend. Der Laminatboden ist auch in Kombination mit einer Bodenheizung hervorragend geeignet. Zudem sorgt die neue Laminat-Generation mit Trittschalld\u00e4mmung f\u00fcr ein ganz neues Wohngef\u00fchl.<\/p>\n<p>Eine Beratung vor Ort zahlt sich aus \u2013 vereinbaren Sie noch heute Ihren pers\u00f6nlichen Termin mit der vardswiss.<\/p>\n<\/div>\n<\/div>\n<\/div>\n<p>[\/vc_column_text][\/vc_column][\/vc_row][vc_row][vc_column][vc_single_image image=&#8221;2282&#8243; img_size=&#8221;full&#8221; css=&#8221;&#8221;][\/vc_column][\/vc_row]<\/p>\n<\/div>","protected":false},"excerpt":{"rendered":"<p>[vc_row margin_top=&#8221;0&#8243; margin_bottom=&#8221;0&#8243; padding_left=&#8221;0&#8243; padding_right=&#8221;0&#8243; animation=&#8221;&#8221; type=&#8221;&#8221; bg_color=&#8221;&#8221; bg_position=&#8221;top&#8221; bg_repeat=&#8221;no-repeat&#8221; bg_cover=&#8221;false&#8221; &#8230; <\/p>\n","protected":false},"author":1,"featured_media":2201,"parent":0,"menu_order":0,"comment_status":"closed","ping_status":"closed","template":"","meta":{"footnotes":""},"class_list":["post-1634","page","type-page","status-publish","has-post-thumbnail","hentry"],"_links":{"self":[{"href":"https:\/\/vardswiss.ch\/index.php?rest_route=\/wp\/v2\/pages\/1634","targetHints":{"allow":["GET"]}}],"collection":[{"href":"https:\/\/vardswiss.ch\/index.php?rest_route=\/wp\/v2\/pages"}],"about":[{"href":"https:\/\/vardswiss.ch\/index.php?rest_route=\/wp\/v2\/types\/page"}],"author":[{"embeddable":true,"href":"https:\/\/vardswiss.ch\/index.php?rest_route=\/wp\/v2\/users\/1"}],"replies":[{"embeddable":true,"href":"https:\/\/vardswiss.ch\/index.php?rest_route=%2Fwp%2Fv2%2Fcomments&post=1634"}],"version-history":[{"count":8,"href":"https:\/\/vardswiss.ch\/index.php?rest_route=\/wp\/v2\/pages\/1634\/revisions"}],"predecessor-version":[{"id":2283,"href":"https:\/\/vardswiss.ch\/index.php?rest_route=\/wp\/v2\/pages\/1634\/revisions\/2283"}],"wp:featuredmedia":[{"embeddable":true,"href":"https:\/\/vardswiss.ch\/index.php?rest_route=\/wp\/v2\/media\/2201"}],"wp:attachment":[{"href":"https:\/\/vardswiss.ch\/index.php?rest_route=%2Fwp%2Fv2%2Fmedia&parent=1634"}],"curies":[{"name":"wp","href":"https:\/\/api.w.org\/{rel}","templated":true}]}}