{"id":1602,"date":"2015-06-05T12:10:32","date_gmt":"2015-06-05T12:10:32","guid":{"rendered":"http:\/\/localhost\/wordpress5\/?page_id=1602"},"modified":"2021-01-22T13:43:46","modified_gmt":"2021-01-22T13:43:46","slug":"uber-uns-2","status":"publish","type":"page","link":"https:\/\/vardswiss.ch\/?page_id=1602","title":{"rendered":"\u00dcber Uns"},"content":{"rendered":"<div class=\"wpb-content-wrapper\"><p>[vc_row][vc_column width=&#8221;1\/2&#8243;]<div id=\"cz_60767\" class=\"cz_60767 cz_title clr cz_title_pos_inline\"><div class=\"cz_title_content\"><div class=\"cz_wpe_content\"><p style=\"text-align: left;\"><span style=\"line-height: 1;\"><span style=\"display: block; font-size: 40px; color: #000000; font-weight: 500;\">VARD SWISS BAU GmbH<br \/>\n<\/span><\/span><\/p>\n<\/div><\/div><\/div><div class=\"cz_gap clr \" style=\"height: 50px\"><\/div>[vc_column_text]Die Zufriedenheit des Kunden steht bei uns an oberster Stelle. Unsere Dienstleistungen gehen von der pers\u00f6nlichen Beratung \u00fcber die Offertestellung bis hin zur Termin- und fachgerechten Ausf\u00fchrung der Auftr\u00e4ge. Dabei sind handwerkliches K\u00f6nnen und Kreativit\u00e4t im Bereich Farbgestaltung und spezielle Maltechniken die perfekte Voraussetzung f\u00fcr die hohe Qualit\u00e4t unserer Arbeiten.<\/p>\n<p>Eine telefonische Kundenberatung geh\u00f6rt ebenso dazu, wie die pers\u00f6nliche unverbindliche Kundenbetreuung. Die St\u00e4rken liegen klar im Renovations- und Neubaubereich, wo wir mit Farben, Wandbel\u00e4gen und dekorativen Techniken eine gem\u00fctliche Atmosph\u00e4re erzeugen. Durch unsere Erfahrung sind wir in der Lage, f\u00fcr jedes Problem eine L\u00f6sung zu finden.[\/vc_column_text][\/vc_column][vc_column width=&#8221;1\/2&#8243;]<div class=\"cz_gap clr \" style=\"height: 50px\"><\/div><div id=\"cz_59121\" class=\"cz_59121 cz_image clr cz_image_no_fx center_on_mobile\"><div class=\"\" ><div class=\"cz_image_in\"><div class=\"cz_main_image\"><img decoding=\"async\" width=\"1000\" height=\"667\" src=\"data:image\/svg+xml,%3Csvg%20xmlns%3D&#39;http%3A%2F%2Fwww.w3.org%2F2000%2Fsvg&#39;%20width=&#39;1000&#39;%20height=&#39;667&#39;%20viewBox%3D&#39;0%200%201000%20667&#39;%2F%3E\" data-czlz data-src=\"https:\/\/vardswiss.ch\/wp-content\/uploads\/2019\/01\/uber-uns.jpg\" class=\"attachment-full\" alt=\"\" title=\"uber-uns\" data-srcset=\"https:\/\/vardswiss.ch\/wp-content\/uploads\/2019\/01\/uber-uns.jpg 1000w, https:\/\/vardswiss.ch\/wp-content\/uploads\/2019\/01\/uber-uns-300x200.jpg 300w, https:\/\/vardswiss.ch\/wp-content\/uploads\/2019\/01\/uber-uns-768x512.jpg 768w, https:\/\/vardswiss.ch\/wp-content\/uploads\/2019\/01\/uber-uns-600x400.jpg 600w\" data-sizes=\"(max-width: 1000px) 100vw, 1000px\" \/><\/div><\/div><\/div><\/div>[\/vc_column][\/vc_row][vc_row][vc_column][vc_empty_space height=&#8221;50&#8243;][\/vc_column][\/vc_row][vc_row][vc_column][vc_column_text]<\/p>\n<p style=\"text-align: center;\"><span style=\"color: #0877ba; font-size: 20px;\"><em><strong>\u201cIn allen unseren Kompetenzbereichen ist unser Qualit\u00e4tssiegel die Absicherung\u00a0 f\u00fcr Ihr Wunschprojekt\u201d\u00a0\u00a0<\/strong><\/em><\/span><\/p>\n<p>[\/vc_column_text][\/vc_column][\/vc_row]<\/p>\n<\/div>","protected":false},"excerpt":{"rendered":"<p>[vc_row][vc_column width=&#8221;1\/2&#8243;][vc_column_text]Die Zufriedenheit des Kunden steht bei uns an oberster Stelle. &#8230; <\/p>\n","protected":false},"author":1,"featured_media":0,"parent":0,"menu_order":0,"comment_status":"closed","ping_status":"closed","template":"","meta":{"footnotes":""},"class_list":["post-1602","page","type-page","status-publish","hentry"],"_links":{"self":[{"href":"https:\/\/vardswiss.ch\/index.php?rest_route=\/wp\/v2\/pages\/1602","targetHints":{"allow":["GET"]}}],"collection":[{"href":"https:\/\/vardswiss.ch\/index.php?rest_route=\/wp\/v2\/pages"}],"about":[{"href":"https:\/\/vardswiss.ch\/index.php?rest_route=\/wp\/v2\/types\/page"}],"author":[{"embeddable":true,"href":"https:\/\/vardswiss.ch\/index.php?rest_route=\/wp\/v2\/users\/1"}],"replies":[{"embeddable":true,"href":"https:\/\/vardswiss.ch\/index.php?rest_route=%2Fwp%2Fv2%2Fcomments&post=1602"}],"version-history":[{"count":16,"href":"https:\/\/vardswiss.ch\/index.php?rest_route=\/wp\/v2\/pages\/1602\/revisions"}],"predecessor-version":[{"id":2250,"href":"https:\/\/vardswiss.ch\/index.php?rest_route=\/wp\/v2\/pages\/1602\/revisions\/2250"}],"wp:attachment":[{"href":"https:\/\/vardswiss.ch\/index.php?rest_route=%2Fwp%2Fv2%2Fmedia&parent=1602"}],"curies":[{"name":"wp","href":"https:\/\/api.w.org\/{rel}","templated":true}]}}